{"id":139,"date":"2020-06-15T10:14:10","date_gmt":"2020-06-15T10:14:10","guid":{"rendered":"https:\/\/bridge373.qodeinteractive.com\/?page_id=139"},"modified":"2023-10-05T19:47:54","modified_gmt":"2023-10-05T19:47:54","slug":"about-us","status":"publish","type":"page","link":"https:\/\/portaldeluz.es\/?page_id=139","title":{"rendered":"Sobre Nosotros"},"content":{"rendered":"\t\t<div data-elementor-type=\"wp-page\" data-elementor-id=\"139\" class=\"elementor elementor-139\">\n\t\t\t\t\t\t\t\t\t<section class=\"elementor-section elementor-top-section elementor-element elementor-element-4bccef7f elementor-section-full_width qode_elementor_container_inner elementor-section-height-default elementor-section-height-default parallax_section_no\" data-id=\"4bccef7f\" data-element_type=\"section\">\n\t\t\t\t\t\t<div class=\"elementor-container elementor-column-gap-no\">\n\t\t\t\t\t<div class=\"elementor-column elementor-col-100 elementor-top-column elementor-element elementor-element-7c5ab81c\" data-id=\"7c5ab81c\" data-element_type=\"column\">\n\t\t\t<div class=\"elementor-widget-wrap elementor-element-populated\">\n\t\t\t\t\t\t\t\t<div class=\"elementor-element elementor-element-3a27638 elementor-widget elementor-widget-text-editor\" data-id=\"3a27638\" data-element_type=\"widget\" data-widget_type=\"text-editor.default\">\n\t\t\t\t<div class=\"elementor-widget-container\">\n\t\t\t\t\t\t\t<h1 style=\"text-align: center;\">pORTAL DE LUZ<\/h1>\t\t\t\t\t\t<\/div>\n\t\t\t\t<\/div>\n\t\t\t\t<div class=\"elementor-element elementor-element-514c916b elementor-widget elementor-widget-text-editor\" data-id=\"514c916b\" data-element_type=\"widget\" data-widget_type=\"text-editor.default\">\n\t\t\t\t<div class=\"elementor-widget-container\">\n\t\t\t\t\t\t\t<h5 style=\"text-align: center;\">Portal de Luz somos un centro dedicado desde el a\u00f1o 2010 a la pr\u00e1ctica y ense\u00f1anza de diferentes tradiciones ancestrales de las culturas nativas de Am\u00e9rica acompa\u00f1ados de nuestros Maestros y formadores.<br \/>Tenemos a vuestra disposici\u00f3n una amplia gama de art\u00edculos para crear en vuestra casa un espacio sagrado donde os sentir\u00e9is en equilibrio y armon\u00eda con vosotros mismos y con vuestro entorno.<\/h5>\t\t\t\t\t\t<\/div>\n\t\t\t\t<\/div>\n\t\t\t\t<div class=\"elementor-element elementor-element-a344063 elementor-widget elementor-widget-text-editor\" data-id=\"a344063\" data-element_type=\"widget\" data-widget_type=\"text-editor.default\">\n\t\t\t\t<div class=\"elementor-widget-container\">\n\t\t\t\t\t\t\t<h1 style=\"text-align: center;\">Nuestros Servicios<\/h1>\t\t\t\t\t\t<\/div>\n\t\t\t\t<\/div>\n\t\t\t\t\t<\/div>\n\t\t<\/div>\n\t\t\t\t\t\t\t<\/div>\n\t\t<\/section>\n\t\t\t\t<section class=\"elementor-section elementor-top-section elementor-element elementor-element-f088536 elementor-section-full_width qode_elementor_container_inner elementor-section-height-default elementor-section-height-default parallax_section_no\" data-id=\"f088536\" data-element_type=\"section\">\n\t\t\t\t\t\t<div class=\"elementor-container elementor-column-gap-no\">\n\t\t\t\t\t<div class=\"elementor-column elementor-col-25 elementor-top-column elementor-element elementor-element-4145c9c2\" data-id=\"4145c9c2\" data-element_type=\"column\">\n\t\t\t<div class=\"elementor-widget-wrap elementor-element-populated\">\n\t\t\t\t\t\t\t\t<div class=\"elementor-element elementor-element-22b2ca84 elementor-widget elementor-widget-image\" data-id=\"22b2ca84\" data-element_type=\"widget\" data-widget_type=\"image.default\">\n\t\t\t\t<div class=\"elementor-widget-container\">\n\t\t\t\t\t\t\t\t\t\t\t\t\t\t\t<img loading=\"lazy\" decoding=\"async\" width=\"150\" height=\"150\" src=\"https:\/\/portaldeluz.es\/wp-content\/uploads\/2021\/01\/spa-150x150.png\" class=\"attachment-thumbnail size-thumbnail wp-image-15571\" alt=\"\" srcset=\"https:\/\/portaldeluz.es\/wp-content\/uploads\/2021\/01\/spa-150x150.png 150w, https:\/\/portaldeluz.es\/wp-content\/uploads\/2021\/01\/spa-300x300.png 300w, https:\/\/portaldeluz.es\/wp-content\/uploads\/2021\/01\/spa-500x500.png 500w, https:\/\/portaldeluz.es\/wp-content\/uploads\/2021\/01\/spa-100x100.png 100w, https:\/\/portaldeluz.es\/wp-content\/uploads\/2021\/01\/spa.png 512w\" sizes=\"auto, (max-width: 150px) 100vw, 150px\" \/>\t\t\t\t\t\t\t\t\t\t\t\t\t\t\t<\/div>\n\t\t\t\t<\/div>\n\t\t\t\t<div class=\"elementor-element elementor-element-3a4fd9e2 elementor-widget elementor-widget-text-editor\" data-id=\"3a4fd9e2\" data-element_type=\"widget\" data-widget_type=\"text-editor.default\">\n\t\t\t\t<div class=\"elementor-widget-container\">\n\t\t\t\t\t\t\t<h3 style=\"text-align: center;\">Massatges<\/h3>\t\t\t\t\t\t<\/div>\n\t\t\t\t<\/div>\n\t\t\t\t<div class=\"elementor-element elementor-element-466172c7 elementor-widget elementor-widget-text-editor\" data-id=\"466172c7\" data-element_type=\"widget\" data-widget_type=\"text-editor.default\">\n\t\t\t\t<div class=\"elementor-widget-container\">\n\t\t\t\t\t\t\t<p style=\"text-align: center;\">Lorem ipsum dolor sit ame consectetur adipi ing elit.<\/p>\t\t\t\t\t\t<\/div>\n\t\t\t\t<\/div>\n\t\t\t\t\t<\/div>\n\t\t<\/div>\n\t\t\t\t<div class=\"elementor-column elementor-col-25 elementor-top-column elementor-element elementor-element-24368ead\" data-id=\"24368ead\" data-element_type=\"column\">\n\t\t\t<div class=\"elementor-widget-wrap elementor-element-populated\">\n\t\t\t\t\t\t\t\t<div class=\"elementor-element elementor-element-372013a4 elementor-widget elementor-widget-image\" data-id=\"372013a4\" data-element_type=\"widget\" data-widget_type=\"image.default\">\n\t\t\t\t<div class=\"elementor-widget-container\">\n\t\t\t\t\t\t\t\t\t\t\t\t\t\t\t<img loading=\"lazy\" decoding=\"async\" width=\"150\" height=\"150\" src=\"https:\/\/portaldeluz.es\/wp-content\/uploads\/2021\/01\/spa-150x150.png\" class=\"attachment-thumbnail size-thumbnail wp-image-15571\" alt=\"\" srcset=\"https:\/\/portaldeluz.es\/wp-content\/uploads\/2021\/01\/spa-150x150.png 150w, https:\/\/portaldeluz.es\/wp-content\/uploads\/2021\/01\/spa-300x300.png 300w, https:\/\/portaldeluz.es\/wp-content\/uploads\/2021\/01\/spa-500x500.png 500w, https:\/\/portaldeluz.es\/wp-content\/uploads\/2021\/01\/spa-100x100.png 100w, https:\/\/portaldeluz.es\/wp-content\/uploads\/2021\/01\/spa.png 512w\" sizes=\"auto, (max-width: 150px) 100vw, 150px\" \/>\t\t\t\t\t\t\t\t\t\t\t\t\t\t\t<\/div>\n\t\t\t\t<\/div>\n\t\t\t\t<div class=\"elementor-element elementor-element-11dd14e9 elementor-widget elementor-widget-text-editor\" data-id=\"11dd14e9\" data-element_type=\"widget\" data-widget_type=\"text-editor.default\">\n\t\t\t\t<div class=\"elementor-widget-container\">\n\t\t\t\t\t\t\t<h3 style=\"background-color: #ffffff; letter-spacing: normal; text-align: center;\">SERVEI 2<\/h3>\t\t\t\t\t\t<\/div>\n\t\t\t\t<\/div>\n\t\t\t\t<div class=\"elementor-element elementor-element-8089258 elementor-widget elementor-widget-text-editor\" data-id=\"8089258\" data-element_type=\"widget\" data-widget_type=\"text-editor.default\">\n\t\t\t\t<div class=\"elementor-widget-container\">\n\t\t\t\t\t\t\t<p style=\"text-align: center;\">Lorem ipsum dolor sit ame consectetur adipi ing elit.<\/p>\t\t\t\t\t\t<\/div>\n\t\t\t\t<\/div>\n\t\t\t\t\t<\/div>\n\t\t<\/div>\n\t\t\t\t<div class=\"elementor-column elementor-col-25 elementor-top-column elementor-element elementor-element-43fcab75\" data-id=\"43fcab75\" data-element_type=\"column\">\n\t\t\t<div class=\"elementor-widget-wrap elementor-element-populated\">\n\t\t\t\t\t\t\t\t<div class=\"elementor-element elementor-element-57bf10c8 elementor-widget elementor-widget-image\" data-id=\"57bf10c8\" data-element_type=\"widget\" data-widget_type=\"image.default\">\n\t\t\t\t<div class=\"elementor-widget-container\">\n\t\t\t\t\t\t\t\t\t\t\t\t\t\t\t<img loading=\"lazy\" decoding=\"async\" width=\"150\" height=\"150\" src=\"https:\/\/portaldeluz.es\/wp-content\/uploads\/2021\/01\/spa-150x150.png\" class=\"attachment-thumbnail size-thumbnail wp-image-15571\" alt=\"\" srcset=\"https:\/\/portaldeluz.es\/wp-content\/uploads\/2021\/01\/spa-150x150.png 150w, https:\/\/portaldeluz.es\/wp-content\/uploads\/2021\/01\/spa-300x300.png 300w, https:\/\/portaldeluz.es\/wp-content\/uploads\/2021\/01\/spa-500x500.png 500w, https:\/\/portaldeluz.es\/wp-content\/uploads\/2021\/01\/spa-100x100.png 100w, https:\/\/portaldeluz.es\/wp-content\/uploads\/2021\/01\/spa.png 512w\" sizes=\"auto, (max-width: 150px) 100vw, 150px\" \/>\t\t\t\t\t\t\t\t\t\t\t\t\t\t\t<\/div>\n\t\t\t\t<\/div>\n\t\t\t\t<div class=\"elementor-element elementor-element-30b38af5 elementor-widget elementor-widget-text-editor\" data-id=\"30b38af5\" data-element_type=\"widget\" data-widget_type=\"text-editor.default\">\n\t\t\t\t<div class=\"elementor-widget-container\">\n\t\t\t\t\t\t\t<h3 style=\"background-color: #ffffff; letter-spacing: normal; text-align: center;\">SERVEI 3<\/h3>\t\t\t\t\t\t<\/div>\n\t\t\t\t<\/div>\n\t\t\t\t<div class=\"elementor-element elementor-element-2b287bc6 elementor-widget elementor-widget-text-editor\" data-id=\"2b287bc6\" data-element_type=\"widget\" data-widget_type=\"text-editor.default\">\n\t\t\t\t<div class=\"elementor-widget-container\">\n\t\t\t\t\t\t\t<p style=\"text-align: center;\">Lorem ipsum dolor sit ame consectetur adipi ing elit.<\/p>\t\t\t\t\t\t<\/div>\n\t\t\t\t<\/div>\n\t\t\t\t\t<\/div>\n\t\t<\/div>\n\t\t\t\t<div class=\"elementor-column elementor-col-25 elementor-top-column elementor-element elementor-element-3819ffe9\" data-id=\"3819ffe9\" data-element_type=\"column\">\n\t\t\t<div class=\"elementor-widget-wrap elementor-element-populated\">\n\t\t\t\t\t\t\t\t<div class=\"elementor-element elementor-element-154f12ab elementor-widget elementor-widget-image\" data-id=\"154f12ab\" data-element_type=\"widget\" data-widget_type=\"image.default\">\n\t\t\t\t<div class=\"elementor-widget-container\">\n\t\t\t\t\t\t\t\t\t\t\t\t\t\t\t<img loading=\"lazy\" decoding=\"async\" width=\"150\" height=\"150\" src=\"https:\/\/portaldeluz.es\/wp-content\/uploads\/2021\/01\/spa-150x150.png\" class=\"attachment-thumbnail size-thumbnail wp-image-15571\" alt=\"\" srcset=\"https:\/\/portaldeluz.es\/wp-content\/uploads\/2021\/01\/spa-150x150.png 150w, https:\/\/portaldeluz.es\/wp-content\/uploads\/2021\/01\/spa-300x300.png 300w, https:\/\/portaldeluz.es\/wp-content\/uploads\/2021\/01\/spa-500x500.png 500w, https:\/\/portaldeluz.es\/wp-content\/uploads\/2021\/01\/spa-100x100.png 100w, https:\/\/portaldeluz.es\/wp-content\/uploads\/2021\/01\/spa.png 512w\" sizes=\"auto, (max-width: 150px) 100vw, 150px\" \/>\t\t\t\t\t\t\t\t\t\t\t\t\t\t\t<\/div>\n\t\t\t\t<\/div>\n\t\t\t\t<div class=\"elementor-element elementor-element-6a237be1 elementor-widget elementor-widget-text-editor\" data-id=\"6a237be1\" data-element_type=\"widget\" data-widget_type=\"text-editor.default\">\n\t\t\t\t<div class=\"elementor-widget-container\">\n\t\t\t\t\t\t\t<h3 style=\"background-color: #ffffff; letter-spacing: normal; text-align: center;\">SERVEI 4<\/h3>\t\t\t\t\t\t<\/div>\n\t\t\t\t<\/div>\n\t\t\t\t<div class=\"elementor-element elementor-element-774c56b8 elementor-widget elementor-widget-text-editor\" data-id=\"774c56b8\" data-element_type=\"widget\" data-widget_type=\"text-editor.default\">\n\t\t\t\t<div class=\"elementor-widget-container\">\n\t\t\t\t\t\t\t<p style=\"text-align: center;\">Lorem ipsum dolor sit ame consectetur adipi ing elit.<\/p>\t\t\t\t\t\t<\/div>\n\t\t\t\t<\/div>\n\t\t\t\t\t<\/div>\n\t\t<\/div>\n\t\t\t\t\t\t\t<\/div>\n\t\t<\/section>\n\t\t\t\t<section class=\"elementor-section elementor-top-section elementor-element elementor-element-31e67af elementor-section-full_width elementor-section-height-default elementor-section-height-default parallax_section_no qode_elementor_container_no\" data-id=\"31e67af\" data-element_type=\"section\">\n\t\t\t\t\t\t<div class=\"elementor-container elementor-column-gap-default\">\n\t\t\t\t\t<div class=\"elementor-column elementor-col-100 elementor-top-column elementor-element elementor-element-3ac6381\" data-id=\"3ac6381\" data-element_type=\"column\">\n\t\t\t<div class=\"elementor-widget-wrap elementor-element-populated\">\n\t\t\t\t\t\t\t\t<div class=\"elementor-element elementor-element-0c75724 elementor-widget elementor-widget-bridge_image_slider_no_space\" data-id=\"0c75724\" data-element_type=\"widget\" data-widget_type=\"bridge_image_slider_no_space.default\">\n\t\t\t\t<div class=\"elementor-widget-container\">\n\t\t\t<div class='qode_image_gallery_no_space light'><div class='qode_image_gallery_holder' style='height: 500px;'><ul  ><li  ><div style=\"height: 500px; width:889px;\"><img decoding=\"async\" itemprop=\"image\" src=\"https:\/\/portaldeluz.es\/wp-content\/uploads\/2021\/01\/20201231_131701-scaled.jpg\" alt=\"\" \/><\/div><\/li><li  ><div style=\"height: 500px; width:243px;\"><img decoding=\"async\" itemprop=\"image\" src=\"https:\/\/portaldeluz.es\/wp-content\/uploads\/2021\/01\/unnamed-scaled.jpg\" alt=\"\" \/><\/div><\/li><li  ><div style=\"height: 500px; width:889px;\"><img decoding=\"async\" itemprop=\"image\" src=\"https:\/\/portaldeluz.es\/wp-content\/uploads\/2021\/01\/20201231_131611-scaled.jpg\" alt=\"\" \/><\/div><\/li><li  ><div style=\"height: 500px; width:243px;\"><img decoding=\"async\" itemprop=\"image\" src=\"https:\/\/portaldeluz.es\/wp-content\/uploads\/2021\/01\/unnamed-3-scaled.jpg\" alt=\"\" \/><\/div><\/li><li  ><div style=\"height: 500px; width:1029px;\"><img decoding=\"async\" itemprop=\"image\" src=\"https:\/\/portaldeluz.es\/wp-content\/uploads\/2021\/01\/unnamed-2-scaled.jpg\" alt=\"\" \/><\/div><\/li><li  ><div style=\"height: 500px; width:243px;\"><img decoding=\"async\" itemprop=\"image\" src=\"https:\/\/portaldeluz.es\/wp-content\/uploads\/2021\/01\/unnamed-1-scaled.jpg\" alt=\"\" \/><\/div><\/li><\/ul><\/div><div class=\"controls\"><a class=\"prev-slide\" href=\"#\"><span><i class=\"fa fa-angle-left\"><\/i><\/span><\/a><a class=\"next-slide\" href=\"#\"><span><i class=\"fa fa-angle-right\"><\/i><\/span><\/a><\/div><\/div>\t\t<\/div>\n\t\t\t\t<\/div>\n\t\t\t\t\t<\/div>\n\t\t<\/div>\n\t\t\t\t\t\t\t<\/div>\n\t\t<\/section>\n\t\t\t\t\t\t\t<\/div>\n\t\t","protected":false},"excerpt":{"rendered":"<p>pORTAL DE LUZ Portal de Luz somos un centro dedicado desde el a\u00f1o 2010 a la pr\u00e1ctica y ense\u00f1anza de diferentes tradiciones ancestrales de las culturas nativas de Am\u00e9rica acompa\u00f1ados de nuestros Maestros y formadores.Tenemos a vuestra disposici\u00f3n una amplia gama de art\u00edculos para crear&#8230;<\/p>\n","protected":false},"author":1,"featured_media":0,"parent":0,"menu_order":0,"comment_status":"closed","ping_status":"closed","template":"full_width.php","meta":{"footnotes":""},"class_list":["post-139","page","type-page","status-publish","hentry"],"_links":{"self":[{"href":"https:\/\/portaldeluz.es\/index.php?rest_route=\/wp\/v2\/pages\/139","targetHints":{"allow":["GET"]}}],"collection":[{"href":"https:\/\/portaldeluz.es\/index.php?rest_route=\/wp\/v2\/pages"}],"about":[{"href":"https:\/\/portaldeluz.es\/index.php?rest_route=\/wp\/v2\/types\/page"}],"author":[{"embeddable":true,"href":"https:\/\/portaldeluz.es\/index.php?rest_route=\/wp\/v2\/users\/1"}],"replies":[{"embeddable":true,"href":"https:\/\/portaldeluz.es\/index.php?rest_route=%2Fwp%2Fv2%2Fcomments&post=139"}],"version-history":[{"count":33,"href":"https:\/\/portaldeluz.es\/index.php?rest_route=\/wp\/v2\/pages\/139\/revisions"}],"predecessor-version":[{"id":15979,"href":"https:\/\/portaldeluz.es\/index.php?rest_route=\/wp\/v2\/pages\/139\/revisions\/15979"}],"wp:attachment":[{"href":"https:\/\/portaldeluz.es\/index.php?rest_route=%2Fwp%2Fv2%2Fmedia&parent=139"}],"curies":[{"name":"wp","href":"https:\/\/api.w.org\/{rel}","templated":true}]}}