{"id":15882,"date":"2021-11-21T15:18:55","date_gmt":"2021-11-21T15:18:55","guid":{"rendered":"https:\/\/portaldeluz.es\/?page_id=15882"},"modified":"2021-11-21T15:18:56","modified_gmt":"2021-11-21T15:18:56","slug":"politica-de-privacidad","status":"publish","type":"page","link":"https:\/\/portaldeluz.es\/?page_id=15882","title":{"rendered":"POLITICA DE PRIVACIDAD"},"content":{"rendered":"\n<p><\/p>\n\n\n\n<p><strong>Responsable de los datos personales: <\/strong>M\u00aa Luz Esmel Morales, n\u00famero de tu identificacion NIF 40934899M con domicilio en Avda. Remolins 20, bajos local 1\u00ba, en lo adelante EL GESTOR DEL SITIO WEB, y cuyo correo electr\u00f3nico de contacto es info@portaldeluz.<\/p>\n\n\n\n<p><strong>Datos solicitados en el sitio web y finalidad del tratamiento.<\/strong><\/p>\n\n\n\n<ul class=\"wp-block-list\"><li>\u2022 <strong>Nombre, apellidos y correo electr\u00f3nico en los formularios de contacto: <\/strong>para realizar cualquier contacto directo con EL GESTOR DEL SITIO WEB, ya sea para plantear dudas, comentarios, sugerencias, solicitar un servicio o producto, o cualquier otra informaci\u00f3n. No suministrar los datos personales m\u00ednimos necesarios imposibilitar\u00e1 a EL GESTOR DEL SITIO WEB de responder a la petici\u00f3n.<\/li><\/ul>\n\n\n\n<ul class=\"wp-block-list\"><li>\u2022 <strong>Nombre y correo electr\u00f3nico: <\/strong>para poder realizar comentarios en el blog del sitio web.<\/li><\/ul>\n\n\n\n<ul class=\"wp-block-list\"><li>\u2022 <strong>Nombre, apellidos, direcci\u00f3n, tel\u00e9fono, correo electr\u00f3nico, n\u00famero de identificaci\u00f3n fiscal: <\/strong>se solicitar\u00e1 esta informaci\u00f3n al momento del pago del servicio, ello a los fines de procesar todo lo relacionado con el cliente.<\/li><\/ul>\n\n\n\n<ul class=\"wp-block-list\"><li>\u2022 <strong>Nombre, tel\u00e9fono y correo electr\u00f3nico para newsletter: <\/strong>con el debido consentimiento expreso y voluntario del titular de los datos, se solicitar\u00e1 en el sitio web la informaci\u00f3n m\u00ednima necesaria para enviar un bolet\u00edn comercial automatizado, donde se informar\u00e1 sobre publicidad, promociones y otra informaci\u00f3n de los servicios y\/o productos ofrecidos por EL GESTOR DEL SITIO WEB<\/li><\/ul>\n\n\n\n<ul class=\"wp-block-list\"><li>\u2022 <strong>Correo electr\u00f3nico: <\/strong>se solicitar\u00e1 el correo electr\u00f3nico para poder acceder al \u00e1rea de cliente, de acuerdo a los datos suministrados al momento de crear la cuenta.<\/li><\/ul>\n\n\n\n<p>Si el usuario tiene menos de 16 a\u00f1os, deber\u00e1 tener la autorizaci\u00f3n de sus padres o tutores legales para entregar sus datos personales. EL GESTOR DEL SITIO WEB no tiene manera de comprobar efectivamente la edad de los usuarios, por lo que queda eximida de cualquier responsabilidad, si el usuario no cumple con lo aqu\u00ed indicado.<\/p>\n","protected":false},"excerpt":{"rendered":"<p>Responsable de los datos personales: M\u00aa Luz Esmel Morales, n\u00famero de tu identificacion NIF 40934899M con domicilio en Avda. Remolins 20, bajos local 1\u00ba, en lo adelante EL GESTOR DEL SITIO WEB, y cuyo correo electr\u00f3nico de contacto es info@portaldeluz. Datos solicitados en el sitio&#8230;<\/p>\n","protected":false},"author":1,"featured_media":0,"parent":0,"menu_order":0,"comment_status":"closed","ping_status":"closed","template":"","meta":{"footnotes":""},"class_list":["post-15882","page","type-page","status-publish","hentry"],"_links":{"self":[{"href":"https:\/\/portaldeluz.es\/index.php?rest_route=\/wp\/v2\/pages\/15882","targetHints":{"allow":["GET"]}}],"collection":[{"href":"https:\/\/portaldeluz.es\/index.php?rest_route=\/wp\/v2\/pages"}],"about":[{"href":"https:\/\/portaldeluz.es\/index.php?rest_route=\/wp\/v2\/types\/page"}],"author":[{"embeddable":true,"href":"https:\/\/portaldeluz.es\/index.php?rest_route=\/wp\/v2\/users\/1"}],"replies":[{"embeddable":true,"href":"https:\/\/portaldeluz.es\/index.php?rest_route=%2Fwp%2Fv2%2Fcomments&post=15882"}],"version-history":[{"count":1,"href":"https:\/\/portaldeluz.es\/index.php?rest_route=\/wp\/v2\/pages\/15882\/revisions"}],"predecessor-version":[{"id":15883,"href":"https:\/\/portaldeluz.es\/index.php?rest_route=\/wp\/v2\/pages\/15882\/revisions\/15883"}],"wp:attachment":[{"href":"https:\/\/portaldeluz.es\/index.php?rest_route=%2Fwp%2Fv2%2Fmedia&parent=15882"}],"curies":[{"name":"wp","href":"https:\/\/api.w.org\/{rel}","templated":true}]}}